{"id":1456,"date":"2025-04-14T07:41:31","date_gmt":"2025-04-14T07:41:31","guid":{"rendered":"https:\/\/www.wulabadushi.com\/blog\/?page_id=1456"},"modified":"2026-03-26T10:59:44","modified_gmt":"2026-03-26T10:59:44","slug":"balafon-paul-nas","status":"publish","type":"page","link":"https:\/\/www.wulabadushi.com\/blog\/balafon-paul-nas\/","title":{"rendered":"Ayaovi Kokousse"},"content":{"rendered":"\n<p>.<br><\/p>\n\n\n\n<p>Ayaovi Kokousse is de oprichter For\u00eat Sacr\u00e9e Obouib\u00e9. Hij is geboren in Lom\u00e9, Togo.Als jonge jongen verzamelde Ayaovi na schooltijd vrienden om zich heen en gaf hij al les. In Togo werd hij opgeleid in de verschillende danstradities van zijn land en danste hij in verschillende shows en optredens van Afrikaanse artiesten en dansgroepen. Kort nadat hij voet op Nederlandse bodem had gezet, richtte hij zijn eigen dansgezelschap op;\u00a0<em>For\u00eat Sacr\u00e9e Obouib\u00e9<\/em>. Ayaovi doseert  op ons weekend afrikaanse percussie <\/p>\n\n\n\n<p><br><\/p>\n\n\n\n<figure class=\"wp-block-image size-full\"><a href=\"https:\/\/www.wulabadushi.com\/blog\/wp-content\/uploads\/2026\/03\/image.png\"><img decoding=\"async\" loading=\"lazy\" width=\"338\" height=\"473\" src=\"https:\/\/www.wulabadushi.com\/blog\/wp-content\/uploads\/2026\/03\/image.png\" alt=\"\" class=\"wp-image-1512\" srcset=\"https:\/\/www.wulabadushi.com\/blog\/wp-content\/uploads\/2026\/03\/image.png 338w, https:\/\/www.wulabadushi.com\/blog\/wp-content\/uploads\/2026\/03\/image-214x300.png 214w\" sizes=\"(max-width: 338px) 100vw, 338px\" \/><\/a><\/figure>\n","protected":false},"excerpt":{"rendered":"<p>. Ayaovi Kokousse is de oprichter For\u00eat Sacr\u00e9e Obouib\u00e9. Hij is geboren in Lom\u00e9, Togo.Als jonge jongen verzamelde Ayaovi na schooltijd vrienden om zich heen en gaf hij al les. In Togo werd hij opgeleid in de verschillende danstradities van &hellip; <a href=\"https:\/\/www.wulabadushi.com\/blog\/balafon-paul-nas\/\">Lees verder <span class=\"meta-nav\">&rarr;<\/span><\/a><\/p>\n","protected":false},"author":1,"featured_media":0,"parent":0,"menu_order":0,"comment_status":"closed","ping_status":"closed","template":"","meta":[],"_links":{"self":[{"href":"https:\/\/www.wulabadushi.com\/blog\/wp-json\/wp\/v2\/pages\/1456"}],"collection":[{"href":"https:\/\/www.wulabadushi.com\/blog\/wp-json\/wp\/v2\/pages"}],"about":[{"href":"https:\/\/www.wulabadushi.com\/blog\/wp-json\/wp\/v2\/types\/page"}],"author":[{"embeddable":true,"href":"https:\/\/www.wulabadushi.com\/blog\/wp-json\/wp\/v2\/users\/1"}],"replies":[{"embeddable":true,"href":"https:\/\/www.wulabadushi.com\/blog\/wp-json\/wp\/v2\/comments?post=1456"}],"version-history":[{"count":7,"href":"https:\/\/www.wulabadushi.com\/blog\/wp-json\/wp\/v2\/pages\/1456\/revisions"}],"predecessor-version":[{"id":1524,"href":"https:\/\/www.wulabadushi.com\/blog\/wp-json\/wp\/v2\/pages\/1456\/revisions\/1524"}],"wp:attachment":[{"href":"https:\/\/www.wulabadushi.com\/blog\/wp-json\/wp\/v2\/media?parent=1456"}],"curies":[{"name":"wp","href":"https:\/\/api.w.org\/{rel}","templated":true}]}}